{"id":280,"date":"2021-03-30T12:03:35","date_gmt":"2021-03-30T12:03:35","guid":{"rendered":"https:\/\/mekis.online\/?page_id=280"},"modified":"2021-03-30T12:03:35","modified_gmt":"2021-03-30T12:03:35","slug":"boston-dynamics-yeni-robotu-stretchi-tanitti","status":"publish","type":"page","link":"https:\/\/mekis.online\/index.php\/boston-dynamics-yeni-robotu-stretchi-tanitti\/","title":{"rendered":"Boston Dynamics yeni robotu Stretch&#8217;i tan\u0131tt\u0131"},"content":{"rendered":"\n<h2 class=\"wp-block-heading\">ABD merkezli Boston Dynamics, kargo ve ta\u015f\u0131mac\u0131l\u0131k alan\u0131nda faaliyet g\u00f6steren yeni robotu Stretch&#8217;i tan\u0131tt\u0131.<\/h2>\n\n\n\n<p><\/p>\n\n\n\n<figure class=\"wp-block-image alignwide size-large\"><img loading=\"lazy\" decoding=\"async\" width=\"660\" height=\"374\" src=\"https:\/\/mekis.online\/wp-content\/uploads\/2021\/03\/ddczBDRC0kKvpiyy8wjeNA.jpg\" alt=\"\" class=\"wp-image-281\" srcset=\"https:\/\/mekis.online\/wp-content\/uploads\/2021\/03\/ddczBDRC0kKvpiyy8wjeNA.jpg 660w, https:\/\/mekis.online\/wp-content\/uploads\/2021\/03\/ddczBDRC0kKvpiyy8wjeNA-300x170.jpg 300w\" sizes=\"auto, (max-width: 660px) 100vw, 660px\" \/><\/figure>\n\n\n\n<p>K\u0131sa s\u00fcre \u00f6nce 1.1 milyar dolara Hyundai&#8217;ye sat\u0131lan \u015firket, Stretch ad\u0131ndaki depo robotunu tan\u0131tt\u0131.<br><br>Lojistik sekter\u00f6\u00fcndeki TIR doldurma ve bo\u015faltma ihtiya\u00e7lar\u0131n\u0131 gidermek i\u00e7in tasalarnan robot saatte 800&#8217;den fazla kutunun yerini de\u011fi\u015ftirebiliyor.<br><br><\/p>\n\n\n\n<p>Robotun geli\u015ftirilmi\u015f vantuz sistemleriyle \u00e7al\u0131\u015ft\u0131\u011f\u0131 belirtiliyor. Hareket edebilen bir platform \u00fczerine oturtulmu\u015f olan robot \u015fimdilik k\u00fc\u00e7\u00fck kutular\u0131 ta\u015f\u0131yor.&nbsp;<\/p>\n\n\n\n<p>Boston Dynamics Stretch robotunu sekt\u00f6rden gelen talep \u00fczerine geli\u015ftirdiklerini a\u00e7\u0131klad\u0131. \u015eirket daha \u00f6nce insans\u0131 Atlas k\u00f6pe\u011fe benzeyen Spot robotlar\u0131na ili\u015fkin videolarla g\u00fcndeme gelmi\u015fti.<\/p>\n\n\n\n<p><\/p>\n","protected":false},"excerpt":{"rendered":"<p>ABD merkezli Boston Dynamics, kargo ve ta\u015f\u0131mac\u0131l\u0131k alan\u0131nda faaliyet g\u00f6steren yeni robotu Stretch&#8217;i tan\u0131tt\u0131. K\u0131sa s\u00fcre \u00f6nce 1.1 milyar dolara Hyundai&#8217;ye sat\u0131lan \u015firket, Stretch ad\u0131ndaki depo robotunu tan\u0131tt\u0131. Lojistik sekter\u00f6\u00fcndeki TIR doldurma ve bo\u015faltma ihtiya\u00e7lar\u0131n\u0131 gidermek i\u00e7in tasalarnan robot saatte 800&#8217;den fazla kutunun yerini de\u011fi\u015ftirebiliyor. Robotun geli\u015ftirilmi\u015f vantuz sistemleriyle \u00e7al\u0131\u015ft\u0131\u011f\u0131 [&hellip;]<\/p>\n","protected":false},"author":1,"featured_media":0,"parent":0,"menu_order":0,"comment_status":"closed","ping_status":"closed","template":"","meta":{"footnotes":""},"class_list":["post-280","page","type-page","status-publish","hentry"],"_links":{"self":[{"href":"https:\/\/mekis.online\/index.php\/wp-json\/wp\/v2\/pages\/280","targetHints":{"allow":["GET"]}}],"collection":[{"href":"https:\/\/mekis.online\/index.php\/wp-json\/wp\/v2\/pages"}],"about":[{"href":"https:\/\/mekis.online\/index.php\/wp-json\/wp\/v2\/types\/page"}],"author":[{"embeddable":true,"href":"https:\/\/mekis.online\/index.php\/wp-json\/wp\/v2\/users\/1"}],"replies":[{"embeddable":true,"href":"https:\/\/mekis.online\/index.php\/wp-json\/wp\/v2\/comments?post=280"}],"version-history":[{"count":1,"href":"https:\/\/mekis.online\/index.php\/wp-json\/wp\/v2\/pages\/280\/revisions"}],"predecessor-version":[{"id":283,"href":"https:\/\/mekis.online\/index.php\/wp-json\/wp\/v2\/pages\/280\/revisions\/283"}],"wp:attachment":[{"href":"https:\/\/mekis.online\/index.php\/wp-json\/wp\/v2\/media?parent=280"}],"curies":[{"name":"wp","href":"https:\/\/api.w.org\/{rel}","templated":true}]}}